{"id":10333,"date":"2022-09-12T11:26:43","date_gmt":"2022-09-12T09:26:43","guid":{"rendered":"http:\/\/www.ser-gmbh.net\/?page_id=10333"},"modified":"2025-08-08T10:48:23","modified_gmt":"2025-08-08T08:48:23","slug":"sponsoring-und-partnerschaften","status":"publish","type":"page","link":"https:\/\/www.ser-gmbh.net\/index.php\/sponsoring-und-partnerschaften\/","title":{"rendered":"SPONSORING UND PARTNERSCHAFTEN"},"content":{"rendered":"<p>[et_pb_section fb_built=&#8220;1&#8243; admin_label=&#8220;Hero&#8220; _builder_version=&#8220;4.16&#8243; _module_preset=&#8220;default&#8220; background_image=&#8220;http:\/\/www.ser-gmbh.net\/wp-content\/uploads\/2022\/07\/circle-background-pattern.png&#8220; min_height=&#8220;266.6px&#8220; custom_margin=&#8220;||-44px|||&#8220; custom_padding=&#8220;|||&#8220; animation_style=&#8220;zoom&#8220; animation_intensity_zoom=&#8220;4%&#8220; global_colors_info=&#8220;{}&#8220;][et_pb_row _builder_version=&#8220;4.18.0&#8243; _module_preset=&#8220;default&#8220; custom_padding=&#8220;7px||21px|||&#8220; global_colors_info=&#8220;{}&#8220;][et_pb_column type=&#8220;4_4&#8243; _builder_version=&#8220;4.18.0&#8243; _module_preset=&#8220;default&#8220; global_colors_info=&#8220;{}&#8220;][et_pb_text _builder_version=&#8220;4.18.0&#8243; _module_preset=&#8220;default&#8220; text_font=&#8220;||||||||&#8220; header_font=&#8220;Montserrat|700||on|||||dotted&#8220; header_text_color=&#8220;#353740&#8243; header_font_size=&#8220;60px&#8220; header_line_height=&#8220;1.3em&#8220; background_size=&#8220;initial&#8220; background_position=&#8220;top_left&#8220; background_repeat=&#8220;repeat&#8220; custom_margin=&#8220;|||&#8220; animation_style=&#8220;fade&#8220; header_font_size_last_edited=&#8220;off|desktop&#8220; locked=&#8220;off&#8220; global_colors_info=&#8220;{}&#8220;]<\/p>\n<h1 style=\"text-align: center;\">SPONSORING UND PARTNERSCHAFTEN<\/h1>\n<p>[\/et_pb_text][\/et_pb_column][\/et_pb_row][et_pb_row _builder_version=&#8220;4.18.0&#8243; _module_preset=&#8220;default&#8220; global_colors_info=&#8220;{}&#8220;][et_pb_column type=&#8220;4_4&#8243; _builder_version=&#8220;4.18.0&#8243; _module_preset=&#8220;default&#8220; global_colors_info=&#8220;{}&#8220;][et_pb_text _builder_version=&#8220;4.18.0&#8243; _module_preset=&#8220;default&#8220; text_font_size=&#8220;16px&#8220; global_colors_info=&#8220;{}&#8220;]<\/p>\n<section class=\"av_textblock_section \" itemscope=\"itemscope\" itemtype=\"https:\/\/schema.org\/CreativeWork\">\n<div class=\"avia_textblock  \" itemprop=\"text\">\n<p style=\"text-align: center;\">Ein Unternehmen ist stets Teil der Gesellschaft und tr\u00e4gt unabh\u00e4ngig von seiner Gr\u00f6\u00dfe besondere Verantwortung.<br \/>Als mittelst\u00e4ndisches Unternehmen ist es uns wichtig einen sozialen Beitrag f\u00fcr die Gesellschaft zu leisten.<\/p>\n<\/div>\n<\/section>\n<div class=\"hr hr-default   avia-builder-el-3  el_after_av_textblock  avia-builder-el-last \"><\/div>\n<p>[\/et_pb_text][\/et_pb_column][\/et_pb_row][\/et_pb_section][et_pb_section fb_built=&#8220;1&#8243; admin_label=&#8220;Blog Section&#8220; _builder_version=&#8220;4.16&#8243; _module_preset=&#8220;default&#8220; custom_margin=&#8220;|||&#8220; custom_padding=&#8220;17px||7px|||&#8220; global_colors_info=&#8220;{}&#8220;][et_pb_row column_structure=&#8220;1_3,1_3,1_3&#8243; _builder_version=&#8220;4.18.0&#8243; _module_preset=&#8220;default&#8220; global_colors_info=&#8220;{}&#8220;][et_pb_column type=&#8220;1_3&#8243; _builder_version=&#8220;4.18.0&#8243; _module_preset=&#8220;default&#8220; global_colors_info=&#8220;{}&#8220;][et_pb_image src=&#8220;http:\/\/www.ser-gmbh.net\/wp-content\/uploads\/2022\/09\/180426_SER_assenheimer_racing.jpeg&#8220; title_text=&#8220;180426_SER_assenheimer_racing&#8220; url=&#8220;http:\/\/www.patrick-assenheimer.de\/&#8220; align=&#8220;center&#8220; _builder_version=&#8220;4.18.0&#8243; _module_preset=&#8220;default&#8220; global_colors_info=&#8220;{}&#8220;][\/et_pb_image][\/et_pb_column][et_pb_column type=&#8220;1_3&#8243; _builder_version=&#8220;4.18.0&#8243; _module_preset=&#8220;default&#8220; global_colors_info=&#8220;{}&#8220;][et_pb_image src=&#8220;http:\/\/www.ser-gmbh.net\/wp-content\/uploads\/2022\/09\/180426_SER_falken.jpeg&#8220; title_text=&#8220;180426_SER_falken&#8220; url=&#8220;https:\/\/www.neckarcup.de\/&#8220; url_new_window=&#8220;on&#8220; align=&#8220;center&#8220; _builder_version=&#8220;4.18.0&#8243; _module_preset=&#8220;default&#8220; global_colors_info=&#8220;{}&#8220;][\/et_pb_image][\/et_pb_column][et_pb_column type=&#8220;1_3&#8243; _builder_version=&#8220;4.18.0&#8243; _module_preset=&#8220;default&#8220; global_colors_info=&#8220;{}&#8220;][\/et_pb_column][\/et_pb_row][et_pb_row column_structure=&#8220;1_3,1_3,1_3&#8243; _builder_version=&#8220;4.18.0&#8243; _module_preset=&#8220;default&#8220; global_colors_info=&#8220;{}&#8220;][et_pb_column type=&#8220;1_3&#8243; _builder_version=&#8220;4.18.0&#8243; _module_preset=&#8220;default&#8220; global_colors_info=&#8220;{}&#8220;][\/et_pb_column][et_pb_column type=&#8220;1_3&#8243; _builder_version=&#8220;4.18.0&#8243; _module_preset=&#8220;default&#8220; global_colors_info=&#8220;{}&#8220;][\/et_pb_column][et_pb_column type=&#8220;1_3&#8243; _builder_version=&#8220;4.18.0&#8243; _module_preset=&#8220;default&#8220; global_colors_info=&#8220;{}&#8220;][\/et_pb_column][\/et_pb_row][\/et_pb_section][et_pb_section fb_built=&#8220;1&#8243; admin_label=&#8220;Contact Form Section&#8220; _builder_version=&#8220;4.17.4&#8243; _module_preset=&#8220;default&#8220; background_color=&#8220;#e64215&#8243; custom_padding=&#8220;65px||33px|||&#8220; animation_style=&#8220;zoom&#8220; animation_direction=&#8220;bottom&#8220; animation_intensity_zoom=&#8220;10%&#8220; saved_tabs=&#8220;all&#8220; global_colors_info=&#8220;{}&#8220;][\/et_pb_section]<\/p>\n","protected":false},"excerpt":{"rendered":"<p>SPONSORING UND PARTNERSCHAFTEN Ein Unternehmen ist stets Teil der Gesellschaft und tr\u00e4gt unabh\u00e4ngig von seiner Gr\u00f6\u00dfe besondere Verantwortung.Als mittelst\u00e4ndisches Unternehmen ist es uns wichtig einen sozialen Beitrag f\u00fcr die Gesellschaft zu leisten.<\/p>\n","protected":false},"author":1,"featured_media":0,"parent":0,"menu_order":0,"comment_status":"closed","ping_status":"closed","template":"","meta":{"_et_pb_use_builder":"on","_et_pb_old_content":"","_et_gb_content_width":"","footnotes":""},"class_list":["post-10333","page","type-page","status-publish","hentry"],"yoast_head":"<!-- This site is optimized with the Yoast SEO plugin v24.8.1 - https:\/\/yoast.com\/wordpress\/plugins\/seo\/ -->\n<title>Sponsoren &amp; Partner - SER Sanierung im Erd und R\u00fcckbau GmbH<\/title>\n<meta name=\"description\" content=\"Gemeinsam sind wir stark! Wir freuen uns \u00fcber unsere starken &amp; tollen Partner! Schaut gerne bei uns vorbei! Interesse an einer Partnerschaft?\" \/>\n<meta name=\"robots\" content=\"index, follow, max-snippet:-1, max-image-preview:large, max-video-preview:-1\" \/>\n<link rel=\"canonical\" href=\"https:\/\/www.ser-gmbh.net\/index.php\/sponsoring-und-partnerschaften\/\" \/>\n<meta property=\"og:locale\" content=\"de_DE\" \/>\n<meta property=\"og:type\" content=\"article\" \/>\n<meta property=\"og:title\" content=\"Sponsoren &amp; Partner - SER Sanierung im Erd und R\u00fcckbau GmbH\" \/>\n<meta property=\"og:description\" content=\"Gemeinsam sind wir stark! Wir freuen uns \u00fcber unsere starken &amp; tollen Partner! Schaut gerne bei uns vorbei! Interesse an einer Partnerschaft?\" \/>\n<meta property=\"og:url\" content=\"https:\/\/www.ser-gmbh.net\/index.php\/sponsoring-und-partnerschaften\/\" \/>\n<meta property=\"og:site_name\" content=\"SER Sanierung im Erd und R\u00fcckbau GmbH\" \/>\n<meta property=\"article:modified_time\" content=\"2025-08-08T08:48:23+00:00\" \/>\n<meta name=\"twitter:card\" content=\"summary_large_image\" \/>\n<meta name=\"twitter:label1\" content=\"Gesch\u00e4tzte Lesezeit\" \/>\n\t<meta name=\"twitter:data1\" content=\"2\u00a0Minuten\" \/>\n<script type=\"application\/ld+json\" class=\"yoast-schema-graph\">{\"@context\":\"https:\/\/schema.org\",\"@graph\":[{\"@type\":\"WebPage\",\"@id\":\"https:\/\/www.ser-gmbh.net\/index.php\/sponsoring-und-partnerschaften\/\",\"url\":\"https:\/\/www.ser-gmbh.net\/index.php\/sponsoring-und-partnerschaften\/\",\"name\":\"Sponsoren & Partner - SER Sanierung im Erd und R\u00fcckbau GmbH\",\"isPartOf\":{\"@id\":\"https:\/\/www.ser-gmbh.net\/#website\"},\"datePublished\":\"2022-09-12T09:26:43+00:00\",\"dateModified\":\"2025-08-08T08:48:23+00:00\",\"description\":\"Gemeinsam sind wir stark! Wir freuen uns \u00fcber unsere starken & tollen Partner! Schaut gerne bei uns vorbei! Interesse an einer Partnerschaft?\",\"breadcrumb\":{\"@id\":\"https:\/\/www.ser-gmbh.net\/index.php\/sponsoring-und-partnerschaften\/#breadcrumb\"},\"inLanguage\":\"de\",\"potentialAction\":[{\"@type\":\"ReadAction\",\"target\":[\"https:\/\/www.ser-gmbh.net\/index.php\/sponsoring-und-partnerschaften\/\"]}]},{\"@type\":\"BreadcrumbList\",\"@id\":\"https:\/\/www.ser-gmbh.net\/index.php\/sponsoring-und-partnerschaften\/#breadcrumb\",\"itemListElement\":[{\"@type\":\"ListItem\",\"position\":1,\"name\":\"Startseite\",\"item\":\"https:\/\/www.ser-gmbh.net\/\"},{\"@type\":\"ListItem\",\"position\":2,\"name\":\"SPONSORING UND PARTNERSCHAFTEN\"}]},{\"@type\":\"WebSite\",\"@id\":\"https:\/\/www.ser-gmbh.net\/#website\",\"url\":\"https:\/\/www.ser-gmbh.net\/\",\"name\":\"SER Sanierung im Erd und R\u00fcckbau GmbH\",\"description\":\"\",\"potentialAction\":[{\"@type\":\"SearchAction\",\"target\":{\"@type\":\"EntryPoint\",\"urlTemplate\":\"https:\/\/www.ser-gmbh.net\/?s={search_term_string}\"},\"query-input\":{\"@type\":\"PropertyValueSpecification\",\"valueRequired\":true,\"valueName\":\"search_term_string\"}}],\"inLanguage\":\"de\"}]}<\/script>\n<!-- \/ Yoast SEO plugin. -->","yoast_head_json":{"title":"Sponsoren & Partner - SER Sanierung im Erd und R\u00fcckbau GmbH","description":"Gemeinsam sind wir stark! Wir freuen uns \u00fcber unsere starken & tollen Partner! Schaut gerne bei uns vorbei! Interesse an einer Partnerschaft?","robots":{"index":"index","follow":"follow","max-snippet":"max-snippet:-1","max-image-preview":"max-image-preview:large","max-video-preview":"max-video-preview:-1"},"canonical":"https:\/\/www.ser-gmbh.net\/index.php\/sponsoring-und-partnerschaften\/","og_locale":"de_DE","og_type":"article","og_title":"Sponsoren & Partner - SER Sanierung im Erd und R\u00fcckbau GmbH","og_description":"Gemeinsam sind wir stark! Wir freuen uns \u00fcber unsere starken & tollen Partner! Schaut gerne bei uns vorbei! Interesse an einer Partnerschaft?","og_url":"https:\/\/www.ser-gmbh.net\/index.php\/sponsoring-und-partnerschaften\/","og_site_name":"SER Sanierung im Erd und R\u00fcckbau GmbH","article_modified_time":"2025-08-08T08:48:23+00:00","twitter_card":"summary_large_image","twitter_misc":{"Gesch\u00e4tzte Lesezeit":"2\u00a0Minuten"},"schema":{"@context":"https:\/\/schema.org","@graph":[{"@type":"WebPage","@id":"https:\/\/www.ser-gmbh.net\/index.php\/sponsoring-und-partnerschaften\/","url":"https:\/\/www.ser-gmbh.net\/index.php\/sponsoring-und-partnerschaften\/","name":"Sponsoren & Partner - SER Sanierung im Erd und R\u00fcckbau GmbH","isPartOf":{"@id":"https:\/\/www.ser-gmbh.net\/#website"},"datePublished":"2022-09-12T09:26:43+00:00","dateModified":"2025-08-08T08:48:23+00:00","description":"Gemeinsam sind wir stark! Wir freuen uns \u00fcber unsere starken & tollen Partner! Schaut gerne bei uns vorbei! Interesse an einer Partnerschaft?","breadcrumb":{"@id":"https:\/\/www.ser-gmbh.net\/index.php\/sponsoring-und-partnerschaften\/#breadcrumb"},"inLanguage":"de","potentialAction":[{"@type":"ReadAction","target":["https:\/\/www.ser-gmbh.net\/index.php\/sponsoring-und-partnerschaften\/"]}]},{"@type":"BreadcrumbList","@id":"https:\/\/www.ser-gmbh.net\/index.php\/sponsoring-und-partnerschaften\/#breadcrumb","itemListElement":[{"@type":"ListItem","position":1,"name":"Startseite","item":"https:\/\/www.ser-gmbh.net\/"},{"@type":"ListItem","position":2,"name":"SPONSORING UND PARTNERSCHAFTEN"}]},{"@type":"WebSite","@id":"https:\/\/www.ser-gmbh.net\/#website","url":"https:\/\/www.ser-gmbh.net\/","name":"SER Sanierung im Erd und R\u00fcckbau GmbH","description":"","potentialAction":[{"@type":"SearchAction","target":{"@type":"EntryPoint","urlTemplate":"https:\/\/www.ser-gmbh.net\/?s={search_term_string}"},"query-input":{"@type":"PropertyValueSpecification","valueRequired":true,"valueName":"search_term_string"}}],"inLanguage":"de"}]}},"_links":{"self":[{"href":"https:\/\/www.ser-gmbh.net\/index.php\/wp-json\/wp\/v2\/pages\/10333","targetHints":{"allow":["GET"]}}],"collection":[{"href":"https:\/\/www.ser-gmbh.net\/index.php\/wp-json\/wp\/v2\/pages"}],"about":[{"href":"https:\/\/www.ser-gmbh.net\/index.php\/wp-json\/wp\/v2\/types\/page"}],"author":[{"embeddable":true,"href":"https:\/\/www.ser-gmbh.net\/index.php\/wp-json\/wp\/v2\/users\/1"}],"replies":[{"embeddable":true,"href":"https:\/\/www.ser-gmbh.net\/index.php\/wp-json\/wp\/v2\/comments?post=10333"}],"version-history":[{"count":2,"href":"https:\/\/www.ser-gmbh.net\/index.php\/wp-json\/wp\/v2\/pages\/10333\/revisions"}],"predecessor-version":[{"id":11574,"href":"https:\/\/www.ser-gmbh.net\/index.php\/wp-json\/wp\/v2\/pages\/10333\/revisions\/11574"}],"wp:attachment":[{"href":"https:\/\/www.ser-gmbh.net\/index.php\/wp-json\/wp\/v2\/media?parent=10333"}],"curies":[{"name":"wp","href":"https:\/\/api.w.org\/{rel}","templated":true}]}}