{"id":11425,"date":"2025-05-08T10:29:52","date_gmt":"2025-05-08T08:29:52","guid":{"rendered":"https:\/\/www.ser-gmbh.net\/?page_id=11425"},"modified":"2025-05-09T08:59:46","modified_gmt":"2025-05-09T06:59:46","slug":"unsere_jobs","status":"publish","type":"page","link":"https:\/\/www.ser-gmbh.net\/index.php\/unsere_jobs\/","title":{"rendered":"Jobs"},"content":{"rendered":"<p>[et_pb_section fb_built=&#8220;1&#8243; admin_label=&#8220;Hero&#8220; _builder_version=&#8220;4.17.4&#8243; _module_preset=&#8220;default&#8220; custom_padding=&#8220;0px|0px|0px|0px&#8220; animation_style=&#8220;zoom&#8220; animation_intensity_zoom=&#8220;4%&#8220; global_colors_info=&#8220;{}&#8220;][et_pb_row column_structure=&#8220;1_3,2_3&#8243; use_custom_gutter=&#8220;on&#8220; gutter_width=&#8220;1&#8243; make_equal=&#8220;on&#8220; module_class=&#8220; et_pb_row_fullwidth&#8220; _builder_version=&#8220;4.18.0&#8243; _module_preset=&#8220;default&#8220; background_color=&#8220;#e64215&#8243; background_image=&#8220;http:\/\/www.ser-gmbh.net\/wp-content\/uploads\/2022\/07\/circle-background-pattern.png&#8220; parallax=&#8220;on&#8220; width=&#8220;100%&#8220; width_tablet=&#8220;100%&#8220; width_phone=&#8220;100%&#8220; width_last_edited=&#8220;on|desktop&#8220; max_width=&#8220;100%&#8220; max_width_tablet=&#8220;100%&#8220; max_width_phone=&#8220;100%&#8220; max_width_last_edited=&#8220;on|desktop&#8220; custom_margin=&#8220;|auto|69px|auto||&#8220; custom_padding=&#8220;0px||0px|&#8220; animation_style=&#8220;slide&#8220; animation_direction=&#8220;top&#8220; animation_intensity_slide=&#8220;3%&#8220; make_fullwidth=&#8220;on&#8220; global_colors_info=&#8220;{}&#8220;][et_pb_column type=&#8220;1_3&#8243; _builder_version=&#8220;4.18.0&#8243; _module_preset=&#8220;default&#8220; custom_padding=&#8220;10%|8%|10%|8%&#8220; global_colors_info=&#8220;{}&#8220; custom_padding__hover=&#8220;|||&#8220;][et_pb_image src=&#8220;https:\/\/www.ser-gmbh.net\/wp-content\/uploads\/2022\/08\/SER_ICON_white_2.png&#8220; title_text=&#8220;SER_ICON_white_2&#8243; _builder_version=&#8220;4.18.0&#8243; _module_preset=&#8220;default&#8220; transform_scale=&#8220;142%|142%&#8220; transform_scale_tablet=&#8220;102%|102%&#8220; transform_scale_phone=&#8220;102%|102%&#8220; transform_scale_last_edited=&#8220;on|tablet&#8220; transform_translate_tablet=&#8220;&#8220; transform_translate_phone=&#8220;&#8220; transform_translate_last_edited=&#8220;on|tablet&#8220; transform_rotate_tablet=&#8220;&#8220; transform_rotate_phone=&#8220;&#8220; transform_rotate_last_edited=&#8220;on|tablet&#8220; transform_skew_tablet=&#8220;&#8220; transform_skew_phone=&#8220;&#8220; transform_skew_last_edited=&#8220;on|tablet&#8220; transform_origin_tablet=&#8220;&#8220; transform_origin_phone=&#8220;&#8220; transform_origin_last_edited=&#8220;on|tablet&#8220; transform_styles_last_edited=&#8220;on|tablet&#8220; width_tablet=&#8220;&#8220; width_phone=&#8220;74%&#8220; width_last_edited=&#8220;on|phone&#8220; custom_padding=&#8220;0px|||||&#8220; transform_styles_tablet=&#8220;&#8220; transform_styles_phone=&#8220;&#8220; module_alignment_tablet=&#8220;&#8220; module_alignment_phone=&#8220;center&#8220; module_alignment_last_edited=&#8220;on|phone&#8220; global_colors_info=&#8220;{}&#8220;][\/et_pb_image][et_pb_text _builder_version=&#8220;4.17.4&#8243; _module_preset=&#8220;default&#8220; header_font=&#8220;|800|||||||&#8220; header_font_size=&#8220;60px&#8220; custom_margin=&#8220;34px|||||&#8220; custom_padding=&#8220;||11px|||&#8220; header_text_shadow_style=&#8220;preset1&#8243; header_text_shadow_vertical_length=&#8220;0.06em&#8220; header_text_shadow_blur_strength=&#8220;0.38em&#8220; global_colors_info=&#8220;{}&#8220;][\/et_pb_text][et_pb_text disabled_on=&#8220;off|off|off&#8220; _builder_version=&#8220;4.18.0&#8243; _module_preset=&#8220;default&#8220; header_font=&#8220;|700|||||||&#8220; header_text_align=&#8220;center&#8220; header_font_size=&#8220;21px&#8220; transform_scale=&#8220;126%|126%&#8220; transform_scale_tablet=&#8220;138%|138%&#8220; transform_scale_phone=&#8220;138%|138%&#8220; transform_scale_last_edited=&#8220;on|tablet&#8220; transform_translate=&#8220;4px|55px&#8220; transform_translate_tablet=&#8220;0px|8px&#8220; transform_translate_phone=&#8220;0px|8px&#8220; transform_translate_last_edited=&#8220;on|tablet&#8220; transform_rotate_tablet=&#8220;&#8220; transform_rotate_phone=&#8220;&#8220; transform_rotate_last_edited=&#8220;on|tablet&#8220; transform_skew_tablet=&#8220;&#8220; transform_skew_phone=&#8220;&#8220; transform_skew_last_edited=&#8220;on|tablet&#8220; transform_origin_tablet=&#8220;&#8220; transform_origin_phone=&#8220;&#8220; transform_origin_last_edited=&#8220;on|tablet&#8220; transform_styles_last_edited=&#8220;on|tablet&#8220; custom_margin=&#8220;19px|||||&#8220; custom_padding=&#8220;||0px|||&#8220; transform_styles_tablet=&#8220;&#8220; transform_styles_phone=&#8220;&#8220; global_colors_info=&#8220;{}&#8220;]<\/p>\n<h1><span style=\"color: #ffffff;\">STELLENANZEIGEN<\/span><\/h1>\n<p>[\/et_pb_text][\/et_pb_column][et_pb_column type=&#8220;2_3&#8243; _builder_version=&#8220;4.18.0&#8243; _module_preset=&#8220;default&#8220; background_image=&#8220;https:\/\/www.ser-gmbh.net\/wp-content\/uploads\/2022\/08\/Slider_Ausbildung_2.jpeg&#8220; transform_scale_tablet=&#8220;216%|216%&#8220; transform_scale_phone=&#8220;216%|216%&#8220; transform_scale_last_edited=&#8220;on|tablet&#8220; transform_translate_tablet=&#8220;4px|12px&#8220; transform_translate_phone=&#8220;4px|12px&#8220; transform_translate_last_edited=&#8220;on|phone&#8220; transform_rotate_tablet=&#8220;&#8220; transform_rotate_phone=&#8220;&#8220; transform_rotate_last_edited=&#8220;on|tablet&#8220; transform_skew_tablet=&#8220;&#8220; transform_skew_phone=&#8220;&#8220; transform_skew_last_edited=&#8220;on|tablet&#8220; transform_origin_tablet=&#8220;&#8220; transform_origin_phone=&#8220;&#8220; transform_origin_last_edited=&#8220;on|tablet&#8220; transform_styles_last_edited=&#8220;on|phone&#8220; custom_padding=&#8220;|||&#8220; background_last_edited=&#8220;on|tablet&#8220; background_size_tablet=&#8220;contain&#8220; transform_styles_tablet=&#8220;&#8220; transform_styles_phone=&#8220;&#8220; global_colors_info=&#8220;{}&#8220; custom_padding__hover=&#8220;|||&#8220;][\/et_pb_column][\/et_pb_row][\/et_pb_section][et_pb_section fb_built=&#8220;1&#8243; _builder_version=&#8220;4.17.4&#8243; _module_preset=&#8220;default&#8220; custom_margin=&#8220;-32px|||||&#8220; custom_padding=&#8220;||0px|||&#8220; global_colors_info=&#8220;{}&#8220;][et_pb_row _builder_version=&#8220;4.18.0&#8243; _module_preset=&#8220;default&#8220; custom_padding=&#8220;23px|||||&#8220; global_colors_info=&#8220;{}&#8220;][et_pb_column type=&#8220;4_4&#8243; _builder_version=&#8220;4.18.0&#8243; _module_preset=&#8220;default&#8220; global_colors_info=&#8220;{}&#8220;][et_pb_text _builder_version=&#8220;4.18.0&#8243; _module_preset=&#8220;default&#8220; global_colors_info=&#8220;{}&#8220;]<\/p>\n<h1 style=\"text-align: center;\">Unsere<\/h1>\n<h1 style=\"text-align: center;\"><strong>Stellenanzeigen<\/strong><\/h1>\n<p>[\/et_pb_text][et_pb_text _builder_version=&#8220;4.18.0&#8243; _module_preset=&#8220;default&#8220; text_font_size=&#8220;16px&#8220; text_orientation=&#8220;center&#8220; global_colors_info=&#8220;{}&#8220;]Durch unsere permanente Bereitschaft zur Weiterentwicklung und unserer Aufgeschlossenheit gegen\u00fcber neuen Technologien, sind wir eines der f\u00fchrenden Unternehmen in den Bereichen Sanierung, Erdbau und R\u00fcckbau. Werden Sie Teil unseres erfolgreichen Unternehmens. Nehmen Sie die Herausforderung an und bewerben Sie sich bei uns.<br \/>\n[\/et_pb_text][\/et_pb_column][\/et_pb_row][et_pb_row column_structure=&#8220;2_3,1_3&#8243; _builder_version=&#8220;4.18.0&#8243; _module_preset=&#8220;default&#8220; global_colors_info=&#8220;{}&#8220;][et_pb_column type=&#8220;2_3&#8243; _builder_version=&#8220;4.18.0&#8243; _module_preset=&#8220;default&#8220; global_colors_info=&#8220;{}&#8220;][et_pb_code _builder_version=&#8220;4.21.0&#8243; _module_preset=&#8220;default&#8220; global_colors_info=&#8220;{}&#8220;]<div class=\"job_listings\" data-location=\"\" data-keywords=\"\" data-show_filters=\"true\" data-show_pagination=\"false\" data-per_page=\"20\" data-orderby=\"featured\" data-order=\"DESC\" data-categories=\"\" data-disable-form-state-storage=\"\" data-featured_first=\"false\" data-post_id=\"11425\" >\n<form class=\"job_filters\">\n\t\n\t<div class=\"search_jobs\">\n\t\t\n\t\t<div class=\"search_keywords\">\n\t\t\t<label for=\"search_keywords\">Stichw\u00f6rter<\/label>\n\t\t\t<input type=\"text\" name=\"search_keywords\" id=\"search_keywords\" placeholder=\"Stichw\u00f6rter\" value=\"\" \/>\n\t\t<\/div>\n\n\t\t<div class=\"search_location\">\n\t\t\t<label for=\"search_location\">Arbeitsort<\/label>\n\t\t\t<input type=\"text\" name=\"search_location\" id=\"search_location\" placeholder=\"Arbeitsort\" value=\"\" \/>\n\t\t<\/div>\n\n\t\t\t\t\t<div class=\"search_remote_position\">\n\t\t\t\t<input type=\"checkbox\" class=\"input-checkbox\" name=\"remote_position\" id=\"remote_position\" placeholder=\"Arbeitsort\" value=\"1\"  \/>\n\t\t\t\t<label for=\"remote_position\" id=\"remote_position_label\">Nur Remote Postionen<\/label>\n\t\t\t<\/div>\n\t\t\n\t\t<div style=\"clear: both\"><\/div>\n\n\t\t\n\t\t\t\t\t<div class=\"search_submit\">\n\t\t\t\t<input type=\"submit\" value=\"Jobs finden\">\n\t\t\t<\/div>\n\t\t\n\t\t\t<\/div>\n\n\t\t<ul class=\"job_types\">\n\t\t\t<\/ul>\n\t<input type=\"hidden\" name=\"filter_job_type[]\" value=\"\" \/>\n<div class=\"showing_jobs\"><\/div><\/form>\n\n\n<noscript>Dein Browser unterst\u00fctzt kein JavaScript oder es ist deaktiviert. JavaScript muss aktiviert sein, um Eintr\u00e4ge zu sehen.<\/noscript>\n<ul class=\"job_listings\">\n<\/ul>\n<a class=\"load_more_jobs\" href=\"#\" style=\"display:none;\"><strong>Weitere Jobangebote laden<\/strong><\/a><\/div>[\/et_pb_code][\/et_pb_column][et_pb_column type=&#8220;1_3&#8243; _builder_version=&#8220;4.18.0&#8243; _module_preset=&#8220;default&#8220; global_colors_info=&#8220;{}&#8220;][et_pb_image src=&#8220;https:\/\/www.ser-gmbh.net\/wp-content\/uploads\/2025\/05\/banner.png&#8220; title_text=&#8220;banner&#8220; _builder_version=&#8220;4.21.0&#8243; _module_preset=&#8220;default&#8220; box_shadow_style=&#8220;preset1&#8243; global_colors_info=&#8220;{}&#8220;][\/et_pb_image][\/et_pb_column][\/et_pb_row][et_pb_row _builder_version=&#8220;4.18.0&#8243; _module_preset=&#8220;default&#8220; custom_margin=&#8220;|auto|-17px|auto||&#8220; custom_padding=&#8220;33px|||||&#8220; global_colors_info=&#8220;{}&#8220;][et_pb_column type=&#8220;4_4&#8243; _builder_version=&#8220;4.18.0&#8243; _module_preset=&#8220;default&#8220; global_colors_info=&#8220;{}&#8220;][et_pb_divider divider_weight=&#8220;3px&#8220; _builder_version=&#8220;4.17.4&#8243; _module_preset=&#8220;default&#8220; global_colors_info=&#8220;{}&#8220;][\/et_pb_divider][et_pb_code _builder_version=&#8220;4.18.0&#8243; _module_preset=&#8220;default&#8220; global_colors_info=&#8220;{}&#8220;][\/et_pb_code][et_pb_text _builder_version=&#8220;4.18.0&#8243; _module_preset=&#8220;default&#8220; global_colors_info=&#8220;{}&#8220;]<\/p>\n<h1 style=\"text-align: center;\">Ihr<\/h1>\n<h1 style=\"text-align: center;\"><strong>Ansprechpartner<\/strong><\/h1>\n<p>[\/et_pb_text][\/et_pb_column][\/et_pb_row][et_pb_row column_structure=&#8220;1_2,1_2&#8243; _builder_version=&#8220;4.18.0&#8243; _module_preset=&#8220;default&#8220; custom_padding=&#8220;6px|||||&#8220; global_colors_info=&#8220;{}&#8220;][et_pb_column type=&#8220;1_2&#8243; _builder_version=&#8220;4.18.0&#8243; _module_preset=&#8220;default&#8220; global_colors_info=&#8220;{}&#8220;][et_pb_image src=&#8220;https:\/\/www.ser-gmbh.net\/wp-content\/uploads\/2022\/08\/Bernd_Salmen_personal.png&#8220; title_text=&#8220;Bernd_Salmen_personal&#8220; _builder_version=&#8220;4.18.0&#8243; _module_preset=&#8220;default&#8220; global_colors_info=&#8220;{}&#8220;][\/et_pb_image][\/et_pb_column][et_pb_column type=&#8220;1_2&#8243; _builder_version=&#8220;4.18.0&#8243; _module_preset=&#8220;default&#8220; global_colors_info=&#8220;{}&#8220;][et_pb_text _builder_version=&#8220;4.18.0&#8243; _module_preset=&#8220;default&#8220; global_colors_info=&#8220;{}&#8220;]In meiner Position als Personalleiter, bin ich verantwortlich f\u00fcr die Personalplanung, sichte mit meinem Team alle eingehenden Bewerbungen und f\u00fchre die darauf aufbauenden Gespr\u00e4che.<\/p>\n<p>F\u00fcr unsere Mitarbeiter fungiere ich als Ansprechpartner bei Problemen und Herausforderungen aller Art.<\/p>\n<p>Zudem trage ich Verantwortung f\u00fcr die Einhaltung der arbeitszeitrechtlichen und der sicherheitsrelevanten Vorschriften, welche in Abh\u00e4ngigkeit zum Arbeitnehmerschutzgesetz und dem Arbeitszeitgesetz von uns mehr als ernst genommen werden.<\/p>\n<p>Damit die Bed\u00fcrfnisse, die Meinungen und Herausforderungen unserer Mitarbeiter jede Ebene des Unternehmens erreichen, agiere ich in vielen Bereichen als Bindeglied zwischen der Gesch\u00e4ftsf\u00fchrung, dem F\u00fchrungsteam und den Mitarbeitern selbst.<\/p>\n<p>Damit wir immer wieder neue Kollegen in unserem Unternehmen begr\u00fc\u00dfen d\u00fcrfen und die bestehenden Mitarbeiter Ihre Qualifikation erweitern und vorantreiben k\u00f6nnen, unterst\u00fctze ich in der Mitarbeiterakquise und der Weiterbildung unsere Fach,- und F\u00fchrungskr\u00e4fte.<br \/>\n[\/et_pb_text][\/et_pb_column][\/et_pb_row][\/et_pb_section]<\/p>\n","protected":false},"excerpt":{"rendered":"<p>STELLENANZEIGEN Unsere Stellenanzeigen Durch unsere permanente Bereitschaft zur Weiterentwicklung und unserer Aufgeschlossenheit gegen\u00fcber neuen Technologien, sind wir eines der f\u00fchrenden Unternehmen in den Bereichen Sanierung, Erdbau und R\u00fcckbau. Werden Sie Teil unseres erfolgreichen Unternehmens. Nehmen Sie die Herausforderung an und bewerben Sie sich bei uns. <div class=\"job_listings\" data-location=\"\" data-keywords=\"\" data-show_filters=\"true\" data-show_pagination=\"false\" data-per_page=\"20\" data-orderby=\"featured\" data-order=\"DESC\" data-categories=\"\" data-disable-form-state-storage=\"\" data-featured_first=\"false\" data-post_id=\"11425\" >\n<form class=\"job_filters\">\n\t\n\t<div class=\"search_jobs\">\n\t\t\n\t\t<div class=\"search_keywords\">\n\t\t\t<label for=\"search_keywords\">Stichw\u00f6rter<\/label>\n\t\t\t<input type=\"text\" name=\"search_keywords\" id=\"search_keywords\" placeholder=\"Stichw\u00f6rter\" value=\"\" \/>\n\t\t<\/div>\n\n\t\t<div class=\"search_location\">\n\t\t\t<label for=\"search_location\">Arbeitsort<\/label>\n\t\t\t<input type=\"text\" name=\"search_location\" id=\"search_location\" placeholder=\"Arbeitsort\" value=\"\" \/>\n\t\t<\/div>\n\n\t\t\t\t\t<div class=\"search_remote_position\">\n\t\t\t\t<input type=\"checkbox\" class=\"input-checkbox\" name=\"remote_position\" id=\"remote_position\" placeholder=\"Arbeitsort\" value=\"1\"  \/>\n\t\t\t\t<label for=\"remote_position\" id=\"remote_position_label\">Nur Remote Postionen<\/label>\n\t\t\t<\/div>\n\t\t\n\t\t<div style=\"clear: both\"><\/div>\n\n\t\t\n\t\t\t\t\t<div class=\"search_submit\">\n\t\t\t\t<input type=\"submit\" value=\"Jobs finden\">\n\t\t\t<\/div>\n\t\t\n\t\t\t<\/div>\n\n\t\t<ul class=\"job_types\">\n\t\t\t<\/ul>\n\t<input type=\"hidden\" name=\"filter_job_type[]\" value=\"\" \/>\n<div class=\"showing_jobs\"><\/div><\/form>\n\n\n<noscript>Dein Browser unterst\u00fctzt kein JavaScript oder es ist deaktiviert. JavaScript muss aktiviert sein, um Eintr\u00e4ge zu sehen.<\/noscript>\n<ul class=\"job_listings\">\n<\/ul>\n<a class=\"load_more_jobs\" href=\"#\" style=\"display:none;\"><strong>Weitere Jobangebote laden<\/strong><\/a><\/div>Ihr Ansprechpartner In meiner Position als Personalleiter, bin ich verantwortlich [&hellip;]<\/p>\n","protected":false},"author":1,"featured_media":0,"parent":0,"menu_order":0,"comment_status":"closed","ping_status":"closed","template":"","meta":{"_et_pb_use_builder":"on","_et_pb_old_content":"","_et_gb_content_width":"","footnotes":""},"class_list":["post-11425","page","type-page","status-publish","hentry"],"yoast_head":"<!-- This site is optimized with the Yoast SEO plugin v24.8.1 - https:\/\/yoast.com\/wordpress\/plugins\/seo\/ -->\n<title>Jobs - SER Sanierung im Erd und R\u00fcckbau GmbH<\/title>\n<meta name=\"robots\" content=\"index, follow, max-snippet:-1, max-image-preview:large, max-video-preview:-1\" \/>\n<link rel=\"canonical\" href=\"https:\/\/www.ser-gmbh.net\/index.php\/unsere_jobs\/\" \/>\n<meta property=\"og:locale\" content=\"de_DE\" \/>\n<meta property=\"og:type\" content=\"article\" \/>\n<meta property=\"og:title\" content=\"Jobs - SER Sanierung im Erd und R\u00fcckbau GmbH\" \/>\n<meta property=\"og:description\" content=\"STELLENANZEIGEN Unsere Stellenanzeigen Durch unsere permanente Bereitschaft zur Weiterentwicklung und unserer Aufgeschlossenheit gegen\u00fcber neuen Technologien, sind wir eines der f\u00fchrenden Unternehmen in den Bereichen Sanierung, Erdbau und R\u00fcckbau. Werden Sie Teil unseres erfolgreichen Unternehmens. Nehmen Sie die Herausforderung an und bewerben Sie sich bei uns. Ihr Ansprechpartner In meiner Position als Personalleiter, bin ich verantwortlich [&hellip;]\" \/>\n<meta property=\"og:url\" content=\"https:\/\/www.ser-gmbh.net\/index.php\/unsere_jobs\/\" \/>\n<meta property=\"og:site_name\" content=\"SER Sanierung im Erd und R\u00fcckbau GmbH\" \/>\n<meta property=\"article:modified_time\" content=\"2025-05-09T06:59:46+00:00\" \/>\n<meta name=\"twitter:card\" content=\"summary_large_image\" \/>\n<meta name=\"twitter:label1\" content=\"Gesch\u00e4tzte Lesezeit\" \/>\n\t<meta name=\"twitter:data1\" content=\"2\u00a0Minuten\" \/>\n<script type=\"application\/ld+json\" class=\"yoast-schema-graph\">{\"@context\":\"https:\/\/schema.org\",\"@graph\":[{\"@type\":\"WebPage\",\"@id\":\"https:\/\/www.ser-gmbh.net\/index.php\/unsere_jobs\/\",\"url\":\"https:\/\/www.ser-gmbh.net\/index.php\/unsere_jobs\/\",\"name\":\"Jobs - SER Sanierung im Erd und R\u00fcckbau GmbH\",\"isPartOf\":{\"@id\":\"https:\/\/www.ser-gmbh.net\/#website\"},\"datePublished\":\"2025-05-08T08:29:52+00:00\",\"dateModified\":\"2025-05-09T06:59:46+00:00\",\"breadcrumb\":{\"@id\":\"https:\/\/www.ser-gmbh.net\/index.php\/unsere_jobs\/#breadcrumb\"},\"inLanguage\":\"de\",\"potentialAction\":[{\"@type\":\"ReadAction\",\"target\":[\"https:\/\/www.ser-gmbh.net\/index.php\/unsere_jobs\/\"]}]},{\"@type\":\"BreadcrumbList\",\"@id\":\"https:\/\/www.ser-gmbh.net\/index.php\/unsere_jobs\/#breadcrumb\",\"itemListElement\":[{\"@type\":\"ListItem\",\"position\":1,\"name\":\"Startseite\",\"item\":\"https:\/\/www.ser-gmbh.net\/\"},{\"@type\":\"ListItem\",\"position\":2,\"name\":\"Jobs\"}]},{\"@type\":\"WebSite\",\"@id\":\"https:\/\/www.ser-gmbh.net\/#website\",\"url\":\"https:\/\/www.ser-gmbh.net\/\",\"name\":\"SER Sanierung im Erd und R\u00fcckbau GmbH\",\"description\":\"\",\"potentialAction\":[{\"@type\":\"SearchAction\",\"target\":{\"@type\":\"EntryPoint\",\"urlTemplate\":\"https:\/\/www.ser-gmbh.net\/?s={search_term_string}\"},\"query-input\":{\"@type\":\"PropertyValueSpecification\",\"valueRequired\":true,\"valueName\":\"search_term_string\"}}],\"inLanguage\":\"de\"}]}<\/script>\n<!-- \/ Yoast SEO plugin. -->","yoast_head_json":{"title":"Jobs - SER Sanierung im Erd und R\u00fcckbau GmbH","robots":{"index":"index","follow":"follow","max-snippet":"max-snippet:-1","max-image-preview":"max-image-preview:large","max-video-preview":"max-video-preview:-1"},"canonical":"https:\/\/www.ser-gmbh.net\/index.php\/unsere_jobs\/","og_locale":"de_DE","og_type":"article","og_title":"Jobs - SER Sanierung im Erd und R\u00fcckbau GmbH","og_description":"STELLENANZEIGEN Unsere Stellenanzeigen Durch unsere permanente Bereitschaft zur Weiterentwicklung und unserer Aufgeschlossenheit gegen\u00fcber neuen Technologien, sind wir eines der f\u00fchrenden Unternehmen in den Bereichen Sanierung, Erdbau und R\u00fcckbau. Werden Sie Teil unseres erfolgreichen Unternehmens. Nehmen Sie die Herausforderung an und bewerben Sie sich bei uns. Ihr Ansprechpartner In meiner Position als Personalleiter, bin ich verantwortlich [&hellip;]","og_url":"https:\/\/www.ser-gmbh.net\/index.php\/unsere_jobs\/","og_site_name":"SER Sanierung im Erd und R\u00fcckbau GmbH","article_modified_time":"2025-05-09T06:59:46+00:00","twitter_card":"summary_large_image","twitter_misc":{"Gesch\u00e4tzte Lesezeit":"2\u00a0Minuten"},"schema":{"@context":"https:\/\/schema.org","@graph":[{"@type":"WebPage","@id":"https:\/\/www.ser-gmbh.net\/index.php\/unsere_jobs\/","url":"https:\/\/www.ser-gmbh.net\/index.php\/unsere_jobs\/","name":"Jobs - SER Sanierung im Erd und R\u00fcckbau GmbH","isPartOf":{"@id":"https:\/\/www.ser-gmbh.net\/#website"},"datePublished":"2025-05-08T08:29:52+00:00","dateModified":"2025-05-09T06:59:46+00:00","breadcrumb":{"@id":"https:\/\/www.ser-gmbh.net\/index.php\/unsere_jobs\/#breadcrumb"},"inLanguage":"de","potentialAction":[{"@type":"ReadAction","target":["https:\/\/www.ser-gmbh.net\/index.php\/unsere_jobs\/"]}]},{"@type":"BreadcrumbList","@id":"https:\/\/www.ser-gmbh.net\/index.php\/unsere_jobs\/#breadcrumb","itemListElement":[{"@type":"ListItem","position":1,"name":"Startseite","item":"https:\/\/www.ser-gmbh.net\/"},{"@type":"ListItem","position":2,"name":"Jobs"}]},{"@type":"WebSite","@id":"https:\/\/www.ser-gmbh.net\/#website","url":"https:\/\/www.ser-gmbh.net\/","name":"SER Sanierung im Erd und R\u00fcckbau GmbH","description":"","potentialAction":[{"@type":"SearchAction","target":{"@type":"EntryPoint","urlTemplate":"https:\/\/www.ser-gmbh.net\/?s={search_term_string}"},"query-input":{"@type":"PropertyValueSpecification","valueRequired":true,"valueName":"search_term_string"}}],"inLanguage":"de"}]}},"_links":{"self":[{"href":"https:\/\/www.ser-gmbh.net\/index.php\/wp-json\/wp\/v2\/pages\/11425","targetHints":{"allow":["GET"]}}],"collection":[{"href":"https:\/\/www.ser-gmbh.net\/index.php\/wp-json\/wp\/v2\/pages"}],"about":[{"href":"https:\/\/www.ser-gmbh.net\/index.php\/wp-json\/wp\/v2\/types\/page"}],"author":[{"embeddable":true,"href":"https:\/\/www.ser-gmbh.net\/index.php\/wp-json\/wp\/v2\/users\/1"}],"replies":[{"embeddable":true,"href":"https:\/\/www.ser-gmbh.net\/index.php\/wp-json\/wp\/v2\/comments?post=11425"}],"version-history":[{"count":11,"href":"https:\/\/www.ser-gmbh.net\/index.php\/wp-json\/wp\/v2\/pages\/11425\/revisions"}],"predecessor-version":[{"id":11465,"href":"https:\/\/www.ser-gmbh.net\/index.php\/wp-json\/wp\/v2\/pages\/11425\/revisions\/11465"}],"wp:attachment":[{"href":"https:\/\/www.ser-gmbh.net\/index.php\/wp-json\/wp\/v2\/media?parent=11425"}],"curies":[{"name":"wp","href":"https:\/\/api.w.org\/{rel}","templated":true}]}}