{"id":9441,"date":"2022-07-11T14:21:26","date_gmt":"2022-07-11T12:21:26","guid":{"rendered":"http:\/\/www.ser-gmbh.net\/?page_id=9441"},"modified":"2025-06-05T09:33:17","modified_gmt":"2025-06-05T07:33:17","slug":"aktuelles","status":"publish","type":"page","link":"https:\/\/www.ser-gmbh.net\/index.php\/aktuelles\/","title":{"rendered":"Aktuelles"},"content":{"rendered":"<p>[et_pb_section fb_built=&#8220;1&#8243; admin_label=&#8220;Hero&#8220; _builder_version=&#8220;4.16&#8243; _module_preset=&#8220;default&#8220; background_image=&#8220;http:\/\/www.ser-gmbh.net\/wp-content\/uploads\/2022\/07\/circle-background-pattern.png&#8220; min_height=&#8220;266.6px&#8220; custom_margin=&#8220;||-44px|||&#8220; custom_padding=&#8220;|||&#8220; animation_style=&#8220;zoom&#8220; animation_intensity_zoom=&#8220;4%&#8220; global_colors_info=&#8220;{}&#8220;][et_pb_row _builder_version=&#8220;4.18.0&#8243; _module_preset=&#8220;default&#8220; custom_padding=&#8220;7px||21px|||&#8220; global_colors_info=&#8220;{}&#8220;][et_pb_column type=&#8220;4_4&#8243; _builder_version=&#8220;4.18.0&#8243; _module_preset=&#8220;default&#8220; global_colors_info=&#8220;{}&#8220;][et_pb_text _builder_version=&#8220;4.18.0&#8243; _module_preset=&#8220;default&#8220; text_font=&#8220;||||||||&#8220; header_font=&#8220;Montserrat|700||on|||||dotted&#8220; header_text_color=&#8220;#353740&#8243; header_font_size=&#8220;60px&#8220; header_line_height=&#8220;1.3em&#8220; background_size=&#8220;initial&#8220; background_position=&#8220;top_left&#8220; background_repeat=&#8220;repeat&#8220; custom_margin=&#8220;|||&#8220; animation_style=&#8220;fade&#8220; header_font_size_tablet=&#8220;45px&#8220; header_font_size_phone=&#8220;25px&#8220; header_font_size_last_edited=&#8220;on|tablet&#8220; locked=&#8220;off&#8220; global_colors_info=&#8220;{}&#8220;]<\/p>\n<h1 style=\"text-align: center;\">Veranstaltungen<\/h1>\n<p>[\/et_pb_text][\/et_pb_column][\/et_pb_row][et_pb_row column_structure=&#8220;1_4,1_4,1_4,1_4&#8243; _builder_version=&#8220;4.21.0&#8243; _module_preset=&#8220;default&#8220; global_colors_info=&#8220;{}&#8220;][et_pb_column type=&#8220;1_4&#8243; _builder_version=&#8220;4.21.0&#8243; _module_preset=&#8220;default&#8220; custom_padding=&#8220;10px|10px|10px|10px|false|false&#8220; box_shadow_style=&#8220;preset1&#8243; global_colors_info=&#8220;{}&#8220;][\/et_pb_column][et_pb_column type=&#8220;1_4&#8243; _builder_version=&#8220;4.21.0&#8243; _module_preset=&#8220;default&#8220; custom_padding=&#8220;10px|10px|10px|10px|false|false&#8220; box_shadow_style=&#8220;preset1&#8243; global_colors_info=&#8220;{}&#8220;][\/et_pb_column][et_pb_column type=&#8220;1_4&#8243; _builder_version=&#8220;4.21.0&#8243; _module_preset=&#8220;default&#8220; custom_padding=&#8220;10px||10px|10px|false|false&#8220; box_shadow_style=&#8220;preset1&#8243; global_colors_info=&#8220;{}&#8220;][\/et_pb_column][et_pb_column type=&#8220;1_4&#8243; _builder_version=&#8220;4.21.0&#8243; _module_preset=&#8220;default&#8220; custom_padding=&#8220;10px||10px|10px|false|false&#8220; box_shadow_style=&#8220;preset1&#8243; global_colors_info=&#8220;{}&#8220;][\/et_pb_column][\/et_pb_row][et_pb_row _builder_version=&#8220;4.16&#8243; _module_preset=&#8220;default&#8220; background_size=&#8220;initial&#8220; background_position=&#8220;top_left&#8220; background_repeat=&#8220;repeat&#8220; custom_padding=&#8220;||5px|||&#8220; animation_style=&#8220;slide&#8220; animation_direction=&#8220;top&#8220; animation_intensity_slide=&#8220;3%&#8220; global_colors_info=&#8220;{}&#8220;][et_pb_column type=&#8220;4_4&#8243; _builder_version=&#8220;4.16&#8243; _module_preset=&#8220;default&#8220; custom_padding=&#8220;|||&#8220; global_colors_info=&#8220;{}&#8220; custom_padding__hover=&#8220;|||&#8220;][et_pb_text _builder_version=&#8220;4.18.0&#8243; _module_preset=&#8220;default&#8220; text_font=&#8220;||||||||&#8220; header_font=&#8220;Montserrat|700||on|||||dotted&#8220; header_text_align=&#8220;center&#8220; header_text_color=&#8220;#353740&#8243; header_font_size=&#8220;60px&#8220; header_line_height=&#8220;1.3em&#8220; background_size=&#8220;initial&#8220; background_position=&#8220;top_left&#8220; background_repeat=&#8220;repeat&#8220; custom_margin=&#8220;|||&#8220; animation_style=&#8220;fade&#8220; header_font_size_tablet=&#8220;45px&#8220; header_font_size_phone=&#8220;49px&#8220; header_font_size_last_edited=&#8220;on|desktop&#8220; locked=&#8220;off&#8220; global_colors_info=&#8220;{}&#8220;]<\/p>\n<h1>Aktuelles<\/h1>\n<p>[\/et_pb_text][et_pb_divider show_divider=&#8220;off&#8220; disabled_on=&#8220;on|on|off&#8220; _builder_version=&#8220;4.16&#8243; _module_preset=&#8220;default&#8220; max_width=&#8220;120px&#8220; animation_style=&#8220;slide&#8220; animation_direction=&#8220;top&#8220; animation_intensity_slide=&#8220;30%&#8220; global_colors_info=&#8220;{}&#8220;][\/et_pb_divider][\/et_pb_column][\/et_pb_row][\/et_pb_section][et_pb_section fb_built=&#8220;1&#8243; admin_label=&#8220;Blog Section&#8220; _builder_version=&#8220;4.21.0&#8243; _module_preset=&#8220;default&#8220; custom_margin=&#8220;|||&#8220; custom_padding=&#8220;17px||7px|||&#8220; global_colors_info=&#8220;{}&#8220;][et_pb_row use_custom_gutter=&#8220;on&#8220; admin_label=&#8220;Blog Area&#8220; _builder_version=&#8220;4.21.0&#8243; _module_preset=&#8220;default&#8220; max_width=&#8220;100%&#8220; custom_padding=&#8220;37px|||||&#8220; use_custom_width=&#8220;on&#8220; width_unit=&#8220;off&#8220; global_colors_info=&#8220;{}&#8220;][et_pb_column type=&#8220;4_4&#8243; _builder_version=&#8220;4.21.0&#8243; _module_preset=&#8220;default&#8220; custom_padding=&#8220;|||&#8220; global_colors_info=&#8220;{}&#8220; custom_padding__hover=&#8220;|||&#8220;][et_pb_blog fullwidth=&#8220;off&#8220; posts_number=&#8220;15&#8243; include_categories=&#8220;current,1,6,4,7,8,16,15,9,3,5&#8243; excerpt_length=&#8220;240&#8243; show_author=&#8220;off&#8220; show_date=&#8220;off&#8220; show_categories=&#8220;off&#8220; show_excerpt=&#8220;off&#8220; _builder_version=&#8220;4.21.0&#8243; _module_preset=&#8220;default&#8220; header_font=&#8220;Montserrat|on|||&#8220; header_text_color=&#8220;#353740&#8243; header_font_size=&#8220;15px&#8220; body_font=&#8220;Montserrat||||&#8220; body_text_color=&#8220;#747d88&#8243; body_font_size=&#8220;16px&#8220; body_line_height=&#8220;1.8em&#8220; meta_font=&#8220;Montserrat||||&#8220; meta_text_color=&#8220;#949ba3&#8243; meta_font_size=&#8220;13px&#8220; pagination_font=&#8220;Montserrat||||&#8220; pagination_text_color=&#8220;#747d88&#8243; animation_style=&#8220;fade&#8220; border_width_all=&#8220;1px&#8220; border_color_all=&#8220;#d8d8d8&#8243; border_style_all=&#8220;solid&#8220; border_width_all_fullwidth=&#8220;1px&#8220; border_color_all_fullwidth=&#8220;#d8d8d8&#8243; border_style_all_fullwidth=&#8220;solid&#8220; box_shadow_style=&#8220;preset1&#8243; box_shadow_blur=&#8220;24px&#8220; box_shadow_color=&#8220;rgba(53,55,64,0.1)&#8220; use_border_color=&#8220;on&#8220; global_colors_info=&#8220;{}&#8220;][\/et_pb_blog][\/et_pb_column][\/et_pb_row][\/et_pb_section][et_pb_section fb_built=&#8220;1&#8243; admin_label=&#8220;Contact Form Section&#8220; _builder_version=&#8220;4.17.4&#8243; _module_preset=&#8220;default&#8220; background_color=&#8220;#e64215&#8243; custom_padding=&#8220;65px||33px|||&#8220; animation_style=&#8220;zoom&#8220; animation_direction=&#8220;bottom&#8220; animation_intensity_zoom=&#8220;10%&#8220; saved_tabs=&#8220;all&#8220; global_colors_info=&#8220;{}&#8220;][\/et_pb_section]<\/p>\n","protected":false},"excerpt":{"rendered":"<p>VeranstaltungenAktuelles<\/p>\n","protected":false},"author":1,"featured_media":0,"parent":0,"menu_order":0,"comment_status":"closed","ping_status":"closed","template":"","meta":{"_et_pb_use_builder":"on","_et_pb_old_content":"","_et_gb_content_width":"","footnotes":""},"class_list":["post-9441","page","type-page","status-publish","hentry"],"yoast_head":"<!-- This site is optimized with the Yoast SEO plugin v24.8.1 - https:\/\/yoast.com\/wordpress\/plugins\/seo\/ -->\n<title>Aktuelles - SER Sanierung im Erd und R\u00fcckbau GmbH<\/title>\n<meta name=\"description\" content=\"Auf dieser Seite finden Sie alle aktuellen News, Blog-Beitr\u00e4ge und Veranstaltungen! Viel Freude bei unseren Beitr\u00e4gen und Events\" \/>\n<meta name=\"robots\" content=\"index, follow, max-snippet:-1, max-image-preview:large, max-video-preview:-1\" \/>\n<link rel=\"canonical\" href=\"https:\/\/www.ser-gmbh.net\/index.php\/aktuelles\/\" \/>\n<meta property=\"og:locale\" content=\"de_DE\" \/>\n<meta property=\"og:type\" content=\"article\" \/>\n<meta property=\"og:title\" content=\"Aktuelles - SER Sanierung im Erd und R\u00fcckbau GmbH\" \/>\n<meta property=\"og:description\" content=\"Auf dieser Seite finden Sie alle aktuellen News, Blog-Beitr\u00e4ge und Veranstaltungen! Viel Freude bei unseren Beitr\u00e4gen und Events\" \/>\n<meta property=\"og:url\" content=\"https:\/\/www.ser-gmbh.net\/index.php\/aktuelles\/\" \/>\n<meta property=\"og:site_name\" content=\"SER Sanierung im Erd und R\u00fcckbau GmbH\" \/>\n<meta property=\"article:modified_time\" content=\"2025-06-05T07:33:17+00:00\" \/>\n<meta name=\"twitter:card\" content=\"summary_large_image\" \/>\n<meta name=\"twitter:label1\" content=\"Gesch\u00e4tzte Lesezeit\" \/>\n\t<meta name=\"twitter:data1\" content=\"2\u00a0Minuten\" \/>\n<script type=\"application\/ld+json\" class=\"yoast-schema-graph\">{\"@context\":\"https:\/\/schema.org\",\"@graph\":[{\"@type\":\"WebPage\",\"@id\":\"https:\/\/www.ser-gmbh.net\/index.php\/aktuelles\/\",\"url\":\"https:\/\/www.ser-gmbh.net\/index.php\/aktuelles\/\",\"name\":\"Aktuelles - SER Sanierung im Erd und R\u00fcckbau GmbH\",\"isPartOf\":{\"@id\":\"https:\/\/www.ser-gmbh.net\/#website\"},\"datePublished\":\"2022-07-11T12:21:26+00:00\",\"dateModified\":\"2025-06-05T07:33:17+00:00\",\"description\":\"Auf dieser Seite finden Sie alle aktuellen News, Blog-Beitr\u00e4ge und Veranstaltungen! Viel Freude bei unseren Beitr\u00e4gen und Events\",\"breadcrumb\":{\"@id\":\"https:\/\/www.ser-gmbh.net\/index.php\/aktuelles\/#breadcrumb\"},\"inLanguage\":\"de\",\"potentialAction\":[{\"@type\":\"ReadAction\",\"target\":[\"https:\/\/www.ser-gmbh.net\/index.php\/aktuelles\/\"]}]},{\"@type\":\"BreadcrumbList\",\"@id\":\"https:\/\/www.ser-gmbh.net\/index.php\/aktuelles\/#breadcrumb\",\"itemListElement\":[{\"@type\":\"ListItem\",\"position\":1,\"name\":\"Startseite\",\"item\":\"https:\/\/www.ser-gmbh.net\/\"},{\"@type\":\"ListItem\",\"position\":2,\"name\":\"Aktuelles\"}]},{\"@type\":\"WebSite\",\"@id\":\"https:\/\/www.ser-gmbh.net\/#website\",\"url\":\"https:\/\/www.ser-gmbh.net\/\",\"name\":\"SER Sanierung im Erd und R\u00fcckbau GmbH\",\"description\":\"\",\"potentialAction\":[{\"@type\":\"SearchAction\",\"target\":{\"@type\":\"EntryPoint\",\"urlTemplate\":\"https:\/\/www.ser-gmbh.net\/?s={search_term_string}\"},\"query-input\":{\"@type\":\"PropertyValueSpecification\",\"valueRequired\":true,\"valueName\":\"search_term_string\"}}],\"inLanguage\":\"de\"}]}<\/script>\n<!-- \/ Yoast SEO plugin. -->","yoast_head_json":{"title":"Aktuelles - SER Sanierung im Erd und R\u00fcckbau GmbH","description":"Auf dieser Seite finden Sie alle aktuellen News, Blog-Beitr\u00e4ge und Veranstaltungen! Viel Freude bei unseren Beitr\u00e4gen und Events","robots":{"index":"index","follow":"follow","max-snippet":"max-snippet:-1","max-image-preview":"max-image-preview:large","max-video-preview":"max-video-preview:-1"},"canonical":"https:\/\/www.ser-gmbh.net\/index.php\/aktuelles\/","og_locale":"de_DE","og_type":"article","og_title":"Aktuelles - SER Sanierung im Erd und R\u00fcckbau GmbH","og_description":"Auf dieser Seite finden Sie alle aktuellen News, Blog-Beitr\u00e4ge und Veranstaltungen! Viel Freude bei unseren Beitr\u00e4gen und Events","og_url":"https:\/\/www.ser-gmbh.net\/index.php\/aktuelles\/","og_site_name":"SER Sanierung im Erd und R\u00fcckbau GmbH","article_modified_time":"2025-06-05T07:33:17+00:00","twitter_card":"summary_large_image","twitter_misc":{"Gesch\u00e4tzte Lesezeit":"2\u00a0Minuten"},"schema":{"@context":"https:\/\/schema.org","@graph":[{"@type":"WebPage","@id":"https:\/\/www.ser-gmbh.net\/index.php\/aktuelles\/","url":"https:\/\/www.ser-gmbh.net\/index.php\/aktuelles\/","name":"Aktuelles - SER Sanierung im Erd und R\u00fcckbau GmbH","isPartOf":{"@id":"https:\/\/www.ser-gmbh.net\/#website"},"datePublished":"2022-07-11T12:21:26+00:00","dateModified":"2025-06-05T07:33:17+00:00","description":"Auf dieser Seite finden Sie alle aktuellen News, Blog-Beitr\u00e4ge und Veranstaltungen! Viel Freude bei unseren Beitr\u00e4gen und Events","breadcrumb":{"@id":"https:\/\/www.ser-gmbh.net\/index.php\/aktuelles\/#breadcrumb"},"inLanguage":"de","potentialAction":[{"@type":"ReadAction","target":["https:\/\/www.ser-gmbh.net\/index.php\/aktuelles\/"]}]},{"@type":"BreadcrumbList","@id":"https:\/\/www.ser-gmbh.net\/index.php\/aktuelles\/#breadcrumb","itemListElement":[{"@type":"ListItem","position":1,"name":"Startseite","item":"https:\/\/www.ser-gmbh.net\/"},{"@type":"ListItem","position":2,"name":"Aktuelles"}]},{"@type":"WebSite","@id":"https:\/\/www.ser-gmbh.net\/#website","url":"https:\/\/www.ser-gmbh.net\/","name":"SER Sanierung im Erd und R\u00fcckbau GmbH","description":"","potentialAction":[{"@type":"SearchAction","target":{"@type":"EntryPoint","urlTemplate":"https:\/\/www.ser-gmbh.net\/?s={search_term_string}"},"query-input":{"@type":"PropertyValueSpecification","valueRequired":true,"valueName":"search_term_string"}}],"inLanguage":"de"}]}},"_links":{"self":[{"href":"https:\/\/www.ser-gmbh.net\/index.php\/wp-json\/wp\/v2\/pages\/9441","targetHints":{"allow":["GET"]}}],"collection":[{"href":"https:\/\/www.ser-gmbh.net\/index.php\/wp-json\/wp\/v2\/pages"}],"about":[{"href":"https:\/\/www.ser-gmbh.net\/index.php\/wp-json\/wp\/v2\/types\/page"}],"author":[{"embeddable":true,"href":"https:\/\/www.ser-gmbh.net\/index.php\/wp-json\/wp\/v2\/users\/1"}],"replies":[{"embeddable":true,"href":"https:\/\/www.ser-gmbh.net\/index.php\/wp-json\/wp\/v2\/comments?post=9441"}],"version-history":[{"count":3,"href":"https:\/\/www.ser-gmbh.net\/index.php\/wp-json\/wp\/v2\/pages\/9441\/revisions"}],"predecessor-version":[{"id":11542,"href":"https:\/\/www.ser-gmbh.net\/index.php\/wp-json\/wp\/v2\/pages\/9441\/revisions\/11542"}],"wp:attachment":[{"href":"https:\/\/www.ser-gmbh.net\/index.php\/wp-json\/wp\/v2\/media?parent=9441"}],"curies":[{"name":"wp","href":"https:\/\/api.w.org\/{rel}","templated":true}]}}