{"id":9544,"date":"2022-07-25T14:29:07","date_gmt":"2022-07-25T12:29:07","guid":{"rendered":"http:\/\/www.ser-gmbh.net\/?page_id=9544"},"modified":"2026-03-03T07:47:43","modified_gmt":"2026-03-03T06:47:43","slug":"impressum","status":"publish","type":"page","link":"https:\/\/www.ser-gmbh.net\/index.php\/impressum\/","title":{"rendered":"Impressum"},"content":{"rendered":"<p>[et_pb_section fb_built=&#8220;1&#8243; admin_label=&#8220;Hero&#8220; _builder_version=&#8220;4.17.4&#8243; _module_preset=&#8220;default&#8220; custom_padding=&#8220;0px|0px|0px|0px&#8220; animation_style=&#8220;zoom&#8220; animation_intensity_zoom=&#8220;4%&#8220; global_colors_info=&#8220;{}&#8220;][et_pb_row column_structure=&#8220;1_3,2_3&#8243; use_custom_gutter=&#8220;on&#8220; gutter_width=&#8220;1&#8243; make_equal=&#8220;on&#8220; module_class=&#8220; et_pb_row_fullwidth&#8220; _builder_version=&#8220;4.18.0&#8243; _module_preset=&#8220;default&#8220; background_color=&#8220;#e64215&#8243; background_image=&#8220;http:\/\/www.ser-gmbh.net\/wp-content\/uploads\/2022\/07\/circle-background-pattern.png&#8220; parallax=&#8220;on&#8220; width=&#8220;100%&#8220; width_tablet=&#8220;100%&#8220; width_phone=&#8220;100%&#8220; width_last_edited=&#8220;on|desktop&#8220; max_width=&#8220;100%&#8220; max_width_tablet=&#8220;100%&#8220; max_width_phone=&#8220;100%&#8220; max_width_last_edited=&#8220;on|desktop&#8220; custom_padding=&#8220;0px||0px|&#8220; animation_style=&#8220;slide&#8220; animation_direction=&#8220;top&#8220; animation_intensity_slide=&#8220;3%&#8220; make_fullwidth=&#8220;on&#8220; global_colors_info=&#8220;{}&#8220;][et_pb_column type=&#8220;1_3&#8243; _builder_version=&#8220;4.17.4&#8243; _module_preset=&#8220;default&#8220; custom_padding=&#8220;10%|8%|10%|8%&#8220; global_colors_info=&#8220;{}&#8220; custom_padding__hover=&#8220;|||&#8220;][et_pb_image src=&#8220;https:\/\/www.ser-gmbh.net\/wp-content\/uploads\/2022\/09\/SER_ICON_w_m_s_kor.png&#8220; title_text=&#8220;SER_ICON_w_m_s_kor&#8220; _builder_version=&#8220;4.18.0&#8243; _module_preset=&#8220;default&#8220; transform_scale=&#8220;142%|142%&#8220; transform_scale_tablet=&#8220;104%|104%&#8220; transform_scale_phone=&#8220;104%|104%&#8220; transform_scale_last_edited=&#8220;on|tablet&#8220; transform_translate_tablet=&#8220;&#8220; transform_translate_phone=&#8220;&#8220; transform_translate_last_edited=&#8220;on|tablet&#8220; transform_rotate_tablet=&#8220;&#8220; transform_rotate_phone=&#8220;&#8220; transform_rotate_last_edited=&#8220;on|tablet&#8220; transform_skew_tablet=&#8220;&#8220; transform_skew_phone=&#8220;&#8220; transform_skew_last_edited=&#8220;on|tablet&#8220; transform_origin_tablet=&#8220;&#8220; transform_origin_phone=&#8220;&#8220; transform_origin_last_edited=&#8220;on|tablet&#8220; transform_styles_last_edited=&#8220;on|tablet&#8220; custom_padding=&#8220;0px|||||&#8220; transform_styles_tablet=&#8220;&#8220; transform_styles_phone=&#8220;&#8220; global_colors_info=&#8220;{}&#8220;][\/et_pb_image][et_pb_text _builder_version=&#8220;4.17.4&#8243; _module_preset=&#8220;default&#8220; header_font=&#8220;|800|||||||&#8220; header_font_size=&#8220;60px&#8220; custom_margin=&#8220;34px|||||&#8220; custom_padding=&#8220;||11px|||&#8220; header_text_shadow_style=&#8220;preset1&#8243; header_text_shadow_vertical_length=&#8220;0.06em&#8220; header_text_shadow_blur_strength=&#8220;0.38em&#8220; global_colors_info=&#8220;{}&#8220;][\/et_pb_text][et_pb_text content_tablet=&#8220;<\/p>\n<div id=%22av_section_1%22 class=%22avia-section main_color avia-section-default avia-no-shadow avia-bg-style-scroll  avia-builder-el-1  el_after_av_slideshow_full  avia-builder-el-last   container_wrap fullsize%22>\n<div class=%22container%22>\n<div class=%22template-page content  av-content-full alpha units%22>\n<div class=%22post-entry post-entry-type-page post-entry-8820%22>\n<div class=%22entry-content-wrapper clearfix%22>\n<section class=%22av_textblock_section %22 itemscope=%22itemscope%22 itemtype=%22https:\/\/schema.org\/CreativeWork%22>\n<div class=%22avia_textblock  %22 itemprop=%22text%22>\n<h1><b>Impressum<\/b><\/h1>\n<\/div>\n<\/section>\n<\/div>\n<\/div>\n<\/div>\n<\/div>\n<\/div>\n<p>&#8220; content_phone=&#8220;<\/p>\n<div id=%22av_section_1%22 class=%22avia-section main_color avia-section-default avia-no-shadow avia-bg-style-scroll  avia-builder-el-1  el_after_av_slideshow_full  avia-builder-el-last   container_wrap fullsize%22>\n<div class=%22container%22>\n<div class=%22template-page content  av-content-full alpha units%22>\n<div class=%22post-entry post-entry-type-page post-entry-8820%22>\n<div class=%22entry-content-wrapper clearfix%22>\n<section class=%22av_textblock_section %22 itemscope=%22itemscope%22 itemtype=%22https:\/\/schema.org\/CreativeWork%22>\n<div class=%22avia_textblock  %22 itemprop=%22text%22>\n<h1><strong>Impressum<\/strong><\/h1>\n<\/div>\n<\/section>\n<section class=%22av_textblock_section %22 itemscope=%22itemscope%22 itemtype=%22https:\/\/schema.org\/CreativeWork%22>\n<div class=%22avia_textblock  %22 itemprop=%22text%22><\/div>\n<\/section>\n<\/div>\n<\/div>\n<\/div>\n<\/div>\n<\/div>\n<div id=%22two-column-left%22 class=%22avia-section main_color avia-section-default avia-no-shadow avia-bg-style-scroll  avia-builder-el-4  el_after_av_textblock  el_before_av_section   av-minimum-height av-minimum-height-custom container_wrap fullsize%22>\n<div class=%22container%22>\n<div class=%22template-page content  av-content-full alpha units%22>\n<div class=%22post-entry post-entry-type-page post-entry-8820%22>\n<div class=%22entry-content-wrapper clearfix%22>\n<div class=%22flex_column_table av-equal-height-column-flextable -flextable%22><\/div>\n<\/div>\n<\/div>\n<\/div>\n<\/div>\n<\/div>\n<p>&#8220; content_last_edited=&#8220;on|desktop&#8220; _builder_version=&#8220;4.18.0&#8243; _module_preset=&#8220;default&#8220; header_text_align=&#8220;left&#8220; header_text_color=&#8220;#FFFFFF&#8220; header_font_size=&#8220;29px&#8220; transform_scale=&#8220;132%|132%&#8220; transform_scale_tablet=&#8220;110%|110%&#8220; transform_scale_phone=&#8220;110%|110%&#8220; transform_scale_last_edited=&#8220;on|tablet&#8220; transform_translate=&#8220;1px|6px&#8220; transform_translate_tablet=&#8220;11px|2px&#8220; transform_translate_phone=&#8220;58px|-48px&#8220; transform_translate_last_edited=&#8220;on|tablet&#8220; transform_rotate_tablet=&#8220;&#8220; transform_rotate_phone=&#8220;&#8220; transform_rotate_last_edited=&#8220;on|tablet&#8220; transform_skew_tablet=&#8220;&#8220; transform_skew_phone=&#8220;&#8220; transform_skew_last_edited=&#8220;on|tablet&#8220; transform_origin_tablet=&#8220;&#8220; transform_origin_phone=&#8220;&#8220; transform_origin_last_edited=&#8220;on|tablet&#8220; transform_styles_last_edited=&#8220;on|tablet&#8220; transform_styles_tablet=&#8220;&#8220; transform_styles_phone=&#8220;&#8220; header_text_shadow_style=&#8220;preset1&#8243; global_colors_info=&#8220;{}&#8220;]<\/p>\n<div id=\"av_section_1\" class=\"avia-section main_color avia-section-default avia-no-shadow avia-bg-style-scroll  avia-builder-el-1  el_after_av_slideshow_full  avia-builder-el-last   container_wrap fullsize\">\n<div class=\"container\">\n<div class=\"template-page content  av-content-full alpha units\">\n<div class=\"post-entry post-entry-type-page post-entry-8820\">\n<div class=\"entry-content-wrapper clearfix\">\n<section class=\"av_textblock_section \" itemscope=\"itemscope\" itemtype=\"https:\/\/schema.org\/CreativeWork\">\n<div class=\"avia_textblock  \" itemprop=\"text\">\n<h1><b>IMPRESSUM<\/b><\/h1>\n<\/div>\n<\/section>\n<\/div>\n<\/div>\n<\/div>\n<\/div>\n<\/div>\n<p>[\/et_pb_text][\/et_pb_column][et_pb_column type=&#8220;2_3&#8243; _builder_version=&#8220;4.18.0&#8243; _module_preset=&#8220;default&#8220; background_image=&#8220;https:\/\/www.ser-gmbh.net\/wp-content\/uploads\/2022\/07\/Bild_02.jpeg&#8220; transform_scale_tablet=&#8220;354%|354%&#8220; transform_scale_phone=&#8220;354%|354%&#8220; transform_scale_last_edited=&#8220;on|tablet&#8220; transform_translate_tablet=&#8220;33px|-29px&#8220; transform_translate_phone=&#8220;0px|-24px&#8220; transform_translate_last_edited=&#8220;on|tablet&#8220; transform_rotate_tablet=&#8220;&#8220; transform_rotate_phone=&#8220;&#8220; transform_rotate_last_edited=&#8220;on|tablet&#8220; transform_skew_tablet=&#8220;&#8220; transform_skew_phone=&#8220;&#8220; transform_skew_last_edited=&#8220;on|tablet&#8220; transform_origin_tablet=&#8220;&#8220; transform_origin_phone=&#8220;&#8220; transform_origin_last_edited=&#8220;on|tablet&#8220; transform_styles_last_edited=&#8220;on|tablet&#8220; custom_padding=&#8220;|||&#8220; background_last_edited=&#8220;on|tablet&#8220; background_size_tablet=&#8220;contain&#8220; transform_styles_tablet=&#8220;&#8220; transform_styles_phone=&#8220;&#8220; global_colors_info=&#8220;{}&#8220; custom_padding__hover=&#8220;|||&#8220;][\/et_pb_column][\/et_pb_row][\/et_pb_section][et_pb_section fb_built=&#8220;1&#8243; admin_label=&#8220;Service Section&#8220; _builder_version=&#8220;4.16&#8243; _module_preset=&#8220;default&#8220; min_height=&#8220;562.1px&#8220; custom_margin=&#8220;|||&#8220; custom_padding=&#8220;60px||60px||true|&#8220; global_colors_info=&#8220;{}&#8220;][et_pb_row _builder_version=&#8220;4.17.4&#8243; _module_preset=&#8220;default&#8220; global_colors_info=&#8220;{}&#8220;][et_pb_column type=&#8220;4_4&#8243; _builder_version=&#8220;4.17.4&#8243; _module_preset=&#8220;default&#8220; global_colors_info=&#8220;{}&#8220;][et_pb_text _builder_version=&#8220;4.17.4&#8243; _module_preset=&#8220;default&#8220; global_colors_info=&#8220;{}&#8220;]<\/p>\n<p>Angaben gem\u00e4\u00df \u00a7 5 TMG:<\/p>\n<p>SER Sanierung im Erd- und R\u00fcckbau GmbH \u00b7 Lichtenbergerstrasse 26 \u00b7 74076 Heilbronn<br \/>Tel.: 07131 59 490 0 \u00b7 Fax: 07131 59 490 990 \u00b7 E-Mail: <span style=\"color: rgba(0, 0, 0, 0.72);\"><a href=\"mailto:hn.info@heidelbergmaterials.com\" data-ogsc=\"\" title=\"mailto:hn.info@heidelbergmaterials.com\" style=\"color: rgba(0, 0, 0, 0.72);\">hn.info[at]heidelbergmaterials.com<\/a><\/span><\/p>\n<p>Gesch\u00e4ftsf\u00fchrer: Markus von Olnhausen, Markus Salmen<\/p>\n<p>Amtsgericht: Stuttgart \u00b7 Registernummer: HRB 108695 \u00b7 Umsatzsteuer-ID: DE238169599<\/p>\n<p>Quellenangaben f\u00fcr die verwendeten Bilder und Grafiken:<br \/>Fotolia (http:\/\/www.fotolia.de), eigene Bilder<\/p>\n<p>&nbsp;<\/p>\n<p>[\/et_pb_text][\/et_pb_column][\/et_pb_row][\/et_pb_section]<\/p>\n","protected":false},"excerpt":{"rendered":"<p>IMPRESSUM Angaben gem\u00e4\u00df \u00a7 5 TMG: SER Sanierung im Erd- und R\u00fcckbau GmbH \u00b7 Lichtenbergerstrasse 26 \u00b7 74076 HeilbronnTel.: 07131 59 490 0 \u00b7 Fax: 07131 59 490 990 \u00b7 E-Mail: hn.info[at]heidelbergmaterials.com Gesch\u00e4ftsf\u00fchrer: Markus von Olnhausen, Markus Salmen Amtsgericht: Stuttgart \u00b7 Registernummer: HRB 108695 \u00b7 Umsatzsteuer-ID: DE238169599 Quellenangaben f\u00fcr die verwendeten Bilder und Grafiken:Fotolia (http:\/\/www.fotolia.de), [&hellip;]<\/p>\n","protected":false},"author":1,"featured_media":0,"parent":0,"menu_order":0,"comment_status":"closed","ping_status":"closed","template":"","meta":{"_et_pb_use_builder":"on","_et_pb_old_content":"","_et_gb_content_width":"","footnotes":""},"class_list":["post-9544","page","type-page","status-publish","hentry"],"yoast_head":"<!-- This site is optimized with the Yoast SEO plugin v24.8.1 - https:\/\/yoast.com\/wordpress\/plugins\/seo\/ -->\n<title>Impressum - SER Sanierung im Erd und R\u00fcckbau GmbH<\/title>\n<meta name=\"robots\" content=\"index, follow, max-snippet:-1, max-image-preview:large, max-video-preview:-1\" \/>\n<link rel=\"canonical\" href=\"https:\/\/www.ser-gmbh.net\/index.php\/impressum\/\" \/>\n<meta property=\"og:locale\" content=\"de_DE\" \/>\n<meta property=\"og:type\" content=\"article\" \/>\n<meta property=\"og:title\" content=\"Impressum - SER Sanierung im Erd und R\u00fcckbau GmbH\" \/>\n<meta property=\"og:description\" content=\"IMPRESSUM Angaben gem\u00e4\u00df \u00a7 5 TMG: SER Sanierung im Erd- und R\u00fcckbau GmbH \u00b7 Lichtenbergerstrasse 26 \u00b7 74076 HeilbronnTel.: 07131 59 490 0 \u00b7 Fax: 07131 59 490 990 \u00b7 E-Mail: hn.info[at]heidelbergmaterials.com Gesch\u00e4ftsf\u00fchrer: Markus von Olnhausen, Markus Salmen Amtsgericht: Stuttgart \u00b7 Registernummer: HRB 108695 \u00b7 Umsatzsteuer-ID: DE238169599 Quellenangaben f\u00fcr die verwendeten Bilder und Grafiken:Fotolia (http:\/\/www.fotolia.de), [&hellip;]\" \/>\n<meta property=\"og:url\" content=\"https:\/\/www.ser-gmbh.net\/index.php\/impressum\/\" \/>\n<meta property=\"og:site_name\" content=\"SER Sanierung im Erd und R\u00fcckbau GmbH\" \/>\n<meta property=\"article:modified_time\" content=\"2026-03-03T06:47:43+00:00\" \/>\n<meta name=\"twitter:card\" content=\"summary_large_image\" \/>\n<meta name=\"twitter:label1\" content=\"Gesch\u00e4tzte Lesezeit\" \/>\n\t<meta name=\"twitter:data1\" content=\"1\u00a0Minute\" \/>\n<script type=\"application\/ld+json\" class=\"yoast-schema-graph\">{\"@context\":\"https:\/\/schema.org\",\"@graph\":[{\"@type\":\"WebPage\",\"@id\":\"https:\/\/www.ser-gmbh.net\/index.php\/impressum\/\",\"url\":\"https:\/\/www.ser-gmbh.net\/index.php\/impressum\/\",\"name\":\"Impressum - SER Sanierung im Erd und R\u00fcckbau GmbH\",\"isPartOf\":{\"@id\":\"https:\/\/www.ser-gmbh.net\/#website\"},\"datePublished\":\"2022-07-25T12:29:07+00:00\",\"dateModified\":\"2026-03-03T06:47:43+00:00\",\"breadcrumb\":{\"@id\":\"https:\/\/www.ser-gmbh.net\/index.php\/impressum\/#breadcrumb\"},\"inLanguage\":\"de\",\"potentialAction\":[{\"@type\":\"ReadAction\",\"target\":[\"https:\/\/www.ser-gmbh.net\/index.php\/impressum\/\"]}]},{\"@type\":\"BreadcrumbList\",\"@id\":\"https:\/\/www.ser-gmbh.net\/index.php\/impressum\/#breadcrumb\",\"itemListElement\":[{\"@type\":\"ListItem\",\"position\":1,\"name\":\"Startseite\",\"item\":\"https:\/\/www.ser-gmbh.net\/\"},{\"@type\":\"ListItem\",\"position\":2,\"name\":\"Impressum\"}]},{\"@type\":\"WebSite\",\"@id\":\"https:\/\/www.ser-gmbh.net\/#website\",\"url\":\"https:\/\/www.ser-gmbh.net\/\",\"name\":\"SER Sanierung im Erd und R\u00fcckbau GmbH\",\"description\":\"\",\"potentialAction\":[{\"@type\":\"SearchAction\",\"target\":{\"@type\":\"EntryPoint\",\"urlTemplate\":\"https:\/\/www.ser-gmbh.net\/?s={search_term_string}\"},\"query-input\":{\"@type\":\"PropertyValueSpecification\",\"valueRequired\":true,\"valueName\":\"search_term_string\"}}],\"inLanguage\":\"de\"}]}<\/script>\n<!-- \/ Yoast SEO plugin. -->","yoast_head_json":{"title":"Impressum - SER Sanierung im Erd und R\u00fcckbau GmbH","robots":{"index":"index","follow":"follow","max-snippet":"max-snippet:-1","max-image-preview":"max-image-preview:large","max-video-preview":"max-video-preview:-1"},"canonical":"https:\/\/www.ser-gmbh.net\/index.php\/impressum\/","og_locale":"de_DE","og_type":"article","og_title":"Impressum - SER Sanierung im Erd und R\u00fcckbau GmbH","og_description":"IMPRESSUM Angaben gem\u00e4\u00df \u00a7 5 TMG: SER Sanierung im Erd- und R\u00fcckbau GmbH \u00b7 Lichtenbergerstrasse 26 \u00b7 74076 HeilbronnTel.: 07131 59 490 0 \u00b7 Fax: 07131 59 490 990 \u00b7 E-Mail: hn.info[at]heidelbergmaterials.com Gesch\u00e4ftsf\u00fchrer: Markus von Olnhausen, Markus Salmen Amtsgericht: Stuttgart \u00b7 Registernummer: HRB 108695 \u00b7 Umsatzsteuer-ID: DE238169599 Quellenangaben f\u00fcr die verwendeten Bilder und Grafiken:Fotolia (http:\/\/www.fotolia.de), [&hellip;]","og_url":"https:\/\/www.ser-gmbh.net\/index.php\/impressum\/","og_site_name":"SER Sanierung im Erd und R\u00fcckbau GmbH","article_modified_time":"2026-03-03T06:47:43+00:00","twitter_card":"summary_large_image","twitter_misc":{"Gesch\u00e4tzte Lesezeit":"1\u00a0Minute"},"schema":{"@context":"https:\/\/schema.org","@graph":[{"@type":"WebPage","@id":"https:\/\/www.ser-gmbh.net\/index.php\/impressum\/","url":"https:\/\/www.ser-gmbh.net\/index.php\/impressum\/","name":"Impressum - SER Sanierung im Erd und R\u00fcckbau GmbH","isPartOf":{"@id":"https:\/\/www.ser-gmbh.net\/#website"},"datePublished":"2022-07-25T12:29:07+00:00","dateModified":"2026-03-03T06:47:43+00:00","breadcrumb":{"@id":"https:\/\/www.ser-gmbh.net\/index.php\/impressum\/#breadcrumb"},"inLanguage":"de","potentialAction":[{"@type":"ReadAction","target":["https:\/\/www.ser-gmbh.net\/index.php\/impressum\/"]}]},{"@type":"BreadcrumbList","@id":"https:\/\/www.ser-gmbh.net\/index.php\/impressum\/#breadcrumb","itemListElement":[{"@type":"ListItem","position":1,"name":"Startseite","item":"https:\/\/www.ser-gmbh.net\/"},{"@type":"ListItem","position":2,"name":"Impressum"}]},{"@type":"WebSite","@id":"https:\/\/www.ser-gmbh.net\/#website","url":"https:\/\/www.ser-gmbh.net\/","name":"SER Sanierung im Erd und R\u00fcckbau GmbH","description":"","potentialAction":[{"@type":"SearchAction","target":{"@type":"EntryPoint","urlTemplate":"https:\/\/www.ser-gmbh.net\/?s={search_term_string}"},"query-input":{"@type":"PropertyValueSpecification","valueRequired":true,"valueName":"search_term_string"}}],"inLanguage":"de"}]}},"_links":{"self":[{"href":"https:\/\/www.ser-gmbh.net\/index.php\/wp-json\/wp\/v2\/pages\/9544","targetHints":{"allow":["GET"]}}],"collection":[{"href":"https:\/\/www.ser-gmbh.net\/index.php\/wp-json\/wp\/v2\/pages"}],"about":[{"href":"https:\/\/www.ser-gmbh.net\/index.php\/wp-json\/wp\/v2\/types\/page"}],"author":[{"embeddable":true,"href":"https:\/\/www.ser-gmbh.net\/index.php\/wp-json\/wp\/v2\/users\/1"}],"replies":[{"embeddable":true,"href":"https:\/\/www.ser-gmbh.net\/index.php\/wp-json\/wp\/v2\/comments?post=9544"}],"version-history":[{"count":3,"href":"https:\/\/www.ser-gmbh.net\/index.php\/wp-json\/wp\/v2\/pages\/9544\/revisions"}],"predecessor-version":[{"id":11660,"href":"https:\/\/www.ser-gmbh.net\/index.php\/wp-json\/wp\/v2\/pages\/9544\/revisions\/11660"}],"wp:attachment":[{"href":"https:\/\/www.ser-gmbh.net\/index.php\/wp-json\/wp\/v2\/media?parent=9544"}],"curies":[{"name":"wp","href":"https:\/\/api.w.org\/{rel}","templated":true}]}}